{"id":354,"date":"2012-11-14T22:37:09","date_gmt":"2012-11-14T22:37:09","guid":{"rendered":"http:\/\/www.electrichellos.com\/?page_id=354"},"modified":"2012-11-15T04:44:59","modified_gmt":"2012-11-15T04:44:59","slug":"best-online-dating-fastcupid-review","status":"publish","type":"page","link":"https:\/\/www.electrichellos.com\/blog\/best-online-dating-fastcupid-review\/","title":{"rendered":"Fast Cupid Site Review"},"content":{"rendered":"<h1>Our Review Of FastCupid<\/h1>\n<p>&nbsp;<\/p>\n<h2>Start a rewarding relationship with Fast Cupid<\/h2>\n<p>Whether you&#8217;re looking for something casual or you want a more long term commitment to the girl of your dreams Fast Cupid is the online dating site for you. They&#8217;ve built a streamlined system that makes it easy to browse local matches, get in contact with the girls you like, and begin a relationship online before taking it to the real world. It&#8217;s time to get out of your dating rut and embrace the wave of the future, which is dating online. A huge percentage of the population is doing it and you&#8217;re missing out if you don&#8217;t.<br \/>\n&nbsp;<\/p>\n<h2>Find your match at Fast Cupid dating site<\/h2>\n<p>Fast Cupid wants to help you meet the love of your life and build a successful long term relationship with that person. To do so they ask for a fair amount of information, all of it aimed at matching you up with the right person. Many members choose not to fill out their profiles and that always results in less messages, even if they&#8217;re hot. Filling out your profile in full is a key part of making your membership successful. The basic profile is filled in when you join and the next step is to add your personal information. These include level of education, religion, personal interests, marital status, whether you have or want children, and more.<br \/>\n&nbsp;<br \/>\nNext up is your physical details. Tell them your hair color and length, height, eye color, whether you wear glasses, etc. These details are important in helping to form a full picture of you as a dateable person. Photos are exceptionally important and at Fast Cupid dating site you&#8217;re welcome to upload as many as you&#8217;d like. You can set a traveling location, a location where you live, and a hometown location where you grew up. The additional details page is where you can reveal more of your personality. It&#8217;s like a series of quizzes, all of which are designed to illuminate a little more of you to the world of potential dates out there. One is \u00ecMy most humbling moment\u00ee and another is \u00ecMy favorite way to spend a weekend.\u00ee Be honest on the answers and your chances of finding a lifelong satisfying match go way up.<br \/>\n&nbsp;<\/p>\n<h2>Fast Cupid dating site email is well designed<\/h2>\n<p>Unlike most sites, free members of Fast Cupid are permitted to respond to messages. You can&#8217;t send any or even view profiles unless you&#8217;ve paid the membership fee, but the ability to respond is nice and impresses the Fast Cupid review. That benefits women far more than men, of course. If your profile is particularly impressive you&#8217;ll hear from the ladies but don&#8217;t count on it happening often. The email system is well designed and easy to use. It&#8217;s a simple online interface with an inbox, any emails you&#8217;ve chosen to filter out in a separate box, along with a spam box and trash. As a free member all emails are kept for 30 days and as a paid member they&#8217;re kept for 90 days. You can send as many as you want and if you&#8217;re doing it right the messages will be flying from your inbox as you search for the woman of your dreams. If you&#8217;ve received a deluge of messages you can choose a quick response to send to all of them to avoid having to read through and write a response to each email.<br \/>\n&nbsp;<\/p>\n<h2>The ladies are the important part of the Fast Cupid review<\/h2>\n<p>Every guy wants to date a pretty girl that&#8217;s full of life and passion and the wealth of available ladies at Fast Cupid dating site meets that criteria. They&#8217;re fresh, young, and fun and they&#8217;re eager to go on a date and have fun with you. When you do a search you&#8217;ll see an array of pictures that represent your potential dates and the faces looking back at you are always smiling and pretty. You&#8217;ll look and feel an incredible sense of opportunity as you peruse the ladies and begin sending messages. Just imagine the dates you&#8217;ll have. The site is well-populated with women of all ages (young women make up the majority of the ladies) and the response rates are good provided you&#8217;ve put effort into your profile.<br \/>\n&nbsp;<\/p>\n<h2>Search Fast Cupid dating site for your ideal date<\/h2>\n<p>Free members can use the basic search function to look through the site and you&#8217;ll quickly learn the answer to the does Fast Cupid work question. With so many potential dates it&#8217;s impossible for it not to work. If you&#8217;re a premium member you can make use of the advanced search, which essentially uses the extra information members given when filling out their profiles to narrow down the results. You can search by race, religion, education level, a variety of physical qualities, drug use, etc.<br \/>\n&nbsp;<\/p>\n<h2>Upgrade your membership and learn does Fast Cupid work<\/h2>\n<p>Fast Cupid is fairly expensive if you sign up for a month, running you $34.99 for 30 days. They likely price it that high to urge you to sign up for multiple months at a time. For instance, when you pay for four months up front you end up paying only $15\/month. Go for 15 months and you pay $9.59\/month, a relative bargain. They offer upgrades as well. For an extra fee of $19.99 you can make it so your profile can be contacted by standard members. For another $9.99\/month you can become a highlighted member so you&#8217;ll stand out in the search results<br \/>\n&nbsp;<\/p>\n<h2>Does Fast Cupid work?<\/h2>\n<p>The most important element of any dating site is if you&#8217;ll end up in a relationship, be it casual or serious. Thankfully Fast Cupid dating site works very well to put you in a relationship with a beautiful girl. You control that outcome to a certain extent by the messages you send and how well you fill out your profile. Follow the advice on Electric Hellos and you&#8217;ll find that everything in this Fast Cupid review is true and the site is fantastic for finding dates.<br \/>\n&nbsp;<\/p>\n","protected":false},"excerpt":{"rendered":"<p>Our Review Of FastCupid &nbsp; Start a rewarding relationship with Fast Cupid Whether you&#8217;re looking for something casual or you want a more long term commitment to the girl of your dreams Fast Cupid is the online dating site for you. They&#8217;ve built a streamlined system that makes it easy to browse local matches, get [&hellip;]<\/p>\n","protected":false},"author":2,"featured_media":355,"parent":0,"menu_order":0,"comment_status":"open","ping_status":"closed","template":"review-sites.php","meta":{"footnotes":""},"class_list":["post-354","page","type-page","status-publish","has-post-thumbnail","hentry"],"aioseo_notices":[],"_links":{"self":[{"href":"https:\/\/www.electrichellos.com\/blog\/wp-json\/wp\/v2\/pages\/354","targetHints":{"allow":["GET"]}}],"collection":[{"href":"https:\/\/www.electrichellos.com\/blog\/wp-json\/wp\/v2\/pages"}],"about":[{"href":"https:\/\/www.electrichellos.com\/blog\/wp-json\/wp\/v2\/types\/page"}],"author":[{"embeddable":true,"href":"https:\/\/www.electrichellos.com\/blog\/wp-json\/wp\/v2\/users\/2"}],"replies":[{"embeddable":true,"href":"https:\/\/www.electrichellos.com\/blog\/wp-json\/wp\/v2\/comments?post=354"}],"version-history":[{"count":17,"href":"https:\/\/www.electrichellos.com\/blog\/wp-json\/wp\/v2\/pages\/354\/revisions"}],"predecessor-version":[{"id":426,"href":"https:\/\/www.electrichellos.com\/blog\/wp-json\/wp\/v2\/pages\/354\/revisions\/426"}],"wp:featuredmedia":[{"embeddable":true,"href":"https:\/\/www.electrichellos.com\/blog\/wp-json\/wp\/v2\/media\/355"}],"wp:attachment":[{"href":"https:\/\/www.electrichellos.com\/blog\/wp-json\/wp\/v2\/media?parent=354"}],"curies":[{"name":"wp","href":"https:\/\/api.w.org\/{rel}","templated":true}]}}